{"id":776,"date":"2026-02-02T16:46:37","date_gmt":"2026-02-02T19:46:37","guid":{"rendered":"https:\/\/darkseagreen-shrew-836919.hostingersite.com\/?page_id=776"},"modified":"2026-02-02T17:05:00","modified_gmt":"2026-02-02T20:05:00","slug":"cancelar-assinatura","status":"publish","type":"page","link":"https:\/\/conta.yoifit.com\/br\/cancelar-assinatura\/","title":{"rendered":"Cancelar Assinatura"},"content":{"rendered":"\t\t<div data-elementor-type=\"wp-page\" data-elementor-id=\"776\" class=\"elementor elementor-776\" data-elementor-post-type=\"page\">\n\t\t\t\t<div class=\"elementor-element elementor-element-b52ed94 e-flex e-con-boxed wpr-particle-no wpr-jarallax-no wpr-parallax-no wpr-sticky-section-no wpr-equal-height-no e-con e-parent\" data-id=\"b52ed94\" data-element_type=\"container\" data-e-type=\"container\">\n\t\t\t\t\t<div class=\"e-con-inner\">\n\t\t\t\t<div class=\"elementor-element elementor-element-fde67c9 elementor-widget elementor-widget-heading\" data-id=\"fde67c9\" data-element_type=\"widget\" data-e-type=\"widget\" data-widget_type=\"heading.default\">\n\t\t\t\t<div class=\"elementor-widget-container\">\n\t\t\t\t\t<h2 class=\"elementor-heading-title elementor-size-default\">Cancelar Assinatura<\/h2>\t\t\t\t<\/div>\n\t\t\t\t<\/div>\n\t\t\t\t<div class=\"elementor-element elementor-element-7b8651a elementor-widget elementor-widget-wpforms\" data-id=\"7b8651a\" data-element_type=\"widget\" data-e-type=\"widget\" data-widget_type=\"wpforms.default\">\n\t\t\t\t<div class=\"elementor-widget-container\">\n\t\t\t\t\t<div class=\"wpforms-container wpforms-container-full wpforms-render-modern\" id=\"wpforms-778\"><form id=\"wpforms-form-778\" class=\"wpforms-validate wpforms-form wpforms-ajax-form\" data-formid=\"778\" method=\"post\" enctype=\"multipart\/form-data\" action=\"\/br\/wp-json\/wp\/v2\/pages\/776\" data-token=\"3041de8649573e0232d9e7d4021b5777\" data-token-time=\"1778332112\"><noscript class=\"wpforms-error-noscript\">Ative o JavaScript no seu navegador para preencher este formul\u00e1rio.<\/noscript><div id=\"wpforms-error-noscript\" style=\"display: none;\">Ative o JavaScript no seu navegador para preencher este formul\u00e1rio.<\/div><div class=\"wpforms-field-container\"><div id=\"wpforms-778-field_1-container\" class=\"wpforms-field wpforms-field-name\" data-field-id=\"1\"><label class=\"wpforms-field-label\" for=\"wpforms-778-field_1\">Nome Completo <span class=\"wpforms-required-label\" aria-hidden=\"true\">*<\/span><\/label><input type=\"text\" id=\"wpforms-778-field_1\" class=\"wpforms-field-large wpforms-field-required\" name=\"wpforms[fields][1]\" aria-errormessage=\"wpforms-778-field_1-error\" required><\/div>\t\t<div id=\"wpforms-778-field_9-container\"\n\t\t\tclass=\"wpforms-field wpforms-field-text\"\n\t\t\tdata-field-type=\"text\"\n\t\t\tdata-field-id=\"9\"\n\t\t\t>\n\t\t\t<label class=\"wpforms-field-label\" for=\"wpforms-778-field_9\" >avalia Informa\u00e7\u00f5es Motivo<\/label>\n\t\t\t<input type=\"text\" id=\"wpforms-778-field_9\" class=\"wpforms-field-medium\" name=\"wpforms[fields][9]\" >\n\t\t<\/div>\n\t\t<div id=\"wpforms-778-field_2-container\" class=\"wpforms-field wpforms-field-email\" data-field-id=\"2\"><label class=\"wpforms-field-label\" for=\"wpforms-778-field_2\">Seu E-mail <span class=\"wpforms-required-label\" aria-hidden=\"true\">*<\/span><\/label><input type=\"email\" id=\"wpforms-778-field_2\" class=\"wpforms-field-large wpforms-field-required\" name=\"wpforms[fields][2]\" spellcheck=\"false\" aria-errormessage=\"wpforms-778-field_2-error\" required><\/div><div id=\"wpforms-778-field_7-container\" class=\"wpforms-field wpforms-field-text\" data-field-id=\"7\"><label class=\"wpforms-field-label\" for=\"wpforms-778-field_7\">Telefone Vinculado <span class=\"wpforms-required-label\" aria-hidden=\"true\">*<\/span><\/label><input type=\"text\" id=\"wpforms-778-field_7\" class=\"wpforms-field-large wpforms-field-required wpforms-masked-input\" data-rule-inputmask-incomplete=\"1\" data-inputmask-mask=\"(99) 9 9999-9999\" name=\"wpforms[fields][7]\" aria-errormessage=\"wpforms-778-field_7-error\" required><\/div><div id=\"wpforms-778-field_4-container\" class=\"wpforms-field wpforms-field-select wpforms-field-select-style-classic\" data-field-id=\"4\"><label class=\"wpforms-field-label\" for=\"wpforms-778-field_4\">Motivo do Cancelamento <span class=\"wpforms-required-label\" aria-hidden=\"true\">*<\/span><\/label><select id=\"wpforms-778-field_4\" class=\"wpforms-field-large wpforms-field-required\" name=\"wpforms[fields][4]\" required=\"required\"><option value=\"\" class=\"placeholder\" disabled  selected='selected'>Selecione uma op\u00e7\u00e3o<\/option><option value=\"N\u00e3o estou utilizando\"  class=\"choice-1 depth-1\"  >N\u00e3o estou utilizando<\/option><option value=\"Acho o plano muito caro\"  class=\"choice-2 depth-1\"  >Acho o plano muito caro<\/option><option value=\"\u00c9 um cancelamento moment\u00e2neo\"  class=\"choice-3 depth-1\"  >\u00c9 um cancelamento moment\u00e2neo<\/option><option value=\"N\u00e3o gostei da experi\u00eancia\"  class=\"choice-4 depth-1\"  >N\u00e3o gostei da experi\u00eancia<\/option><option value=\"Prefiro n\u00e3o informar\"  class=\"choice-5 depth-1\"  >Prefiro n\u00e3o informar<\/option><\/select><\/div><div id=\"wpforms-778-field_8-container\" class=\"wpforms-field wpforms-field-select wpforms-field-select-style-classic\" data-field-id=\"8\"><label class=\"wpforms-field-label\" for=\"wpforms-778-field_8\">Como voc\u00ea avalia sua experi\u00eancia? <span class=\"wpforms-required-label\" aria-hidden=\"true\">*<\/span><\/label><select id=\"wpforms-778-field_8\" class=\"wpforms-field-large wpforms-field-required\" name=\"wpforms[fields][8]\" required=\"required\"><option value=\"\" class=\"placeholder\" disabled  selected='selected'>Selecione uma op\u00e7\u00e3o<\/option><option value=\"Excelente\"  class=\"choice-1 depth-1\"  >Excelente<\/option><option value=\"Muito Boa\"  class=\"choice-2 depth-1\"  >Muito Boa<\/option><option value=\"Neutro\"  class=\"choice-3 depth-1\"  >Neutro<\/option><option value=\"Bom\"  class=\"choice-4 depth-1\"  >Bom<\/option><option value=\"N\u00e3o Gostei\"  class=\"choice-5 depth-1\"  >N\u00e3o Gostei<\/option><\/select><\/div><div id=\"wpforms-778-field_3-container\" class=\"wpforms-field wpforms-field-textarea\" data-field-id=\"3\"><label class=\"wpforms-field-label\" for=\"wpforms-778-field_3\">Informa\u00e7\u00f5es Adicionais (opcional)<\/label><textarea id=\"wpforms-778-field_3\" class=\"wpforms-field-medium\" name=\"wpforms[fields][3]\" aria-errormessage=\"wpforms-778-field_3-error\" ><\/textarea><\/div><div id=\"wpforms-778-field_5-container\" class=\"wpforms-field wpforms-field-checkbox\" data-field-id=\"5\"><fieldset><legend class=\"wpforms-field-label wpforms-label-hide\" aria-hidden=\"false\">Valida\u00e7\u00e3o de Cancelamento <span class=\"wpforms-required-label\" aria-hidden=\"true\">*<\/span><\/legend><ul id=\"wpforms-778-field_5\" class=\"wpforms-field-required\"><li class=\"choice-1 depth-1\"><input type=\"checkbox\" id=\"wpforms-778-field_5_1\" name=\"wpforms[fields][5][]\" value=\"Eu autorizo o cancelamento e estou ciente de que ap\u00f3s a valida\u00e7\u00e3o o meu acesso \u00e0 YOI FIT ser\u00e1 encerrado at\u00e9 o fim do ciclo de cobran\u00e7a atual e n\u00e3o estarei eleg\u00edvel para um novo teste de 14 dias (obrigat\u00f3rio)\" aria-errormessage=\"wpforms-778-field_5_1-error\" required ><label class=\"wpforms-field-label-inline\" for=\"wpforms-778-field_5_1\">Eu autorizo o cancelamento e estou ciente de que ap\u00f3s a valida\u00e7\u00e3o o meu acesso \u00e0 YOI FIT ser\u00e1 encerrado at\u00e9 o fim do ciclo de cobran\u00e7a atual e n\u00e3o estarei eleg\u00edvel para um novo teste de 14 dias (obrigat\u00f3rio)<\/label><\/li><\/ul><\/fieldset><\/div><div id=\"wpforms-778-field_6-container\" class=\"wpforms-field wpforms-field-checkbox\" data-field-id=\"6\"><fieldset><legend class=\"wpforms-field-label wpforms-label-hide\" aria-hidden=\"false\">Solicita\u00e7\u00e3o de Remo\u00e7\u00e3o de Dados (Opcional - Compliance\/LGPD)<\/legend><ul id=\"wpforms-778-field_6\"><li class=\"choice-1 depth-1\"><input type=\"checkbox\" id=\"wpforms-778-field_6_1\" name=\"wpforms[fields][6][]\" value=\"Gostaria de solicitar a remo\u00e7\u00e3o dos meus dados pessoais, bem como n\u00e3o ser notificado por e-mail de campanhas publicit\u00e1rias (opcional)\" aria-errormessage=\"wpforms-778-field_6_1-error\"  ><label class=\"wpforms-field-label-inline\" for=\"wpforms-778-field_6_1\">Gostaria de solicitar a remo\u00e7\u00e3o dos meus dados pessoais, bem como n\u00e3o ser notificado por e-mail de campanhas publicit\u00e1rias (opcional)<\/label><\/li><\/ul><\/fieldset><\/div><script data-jetpack-boost=\"ignore\">\n\t\t\t\t( function() {\n\t\t\t\t\tconst style = document.createElement( 'style' );\n\t\t\t\t\tstyle.appendChild( document.createTextNode( '#wpforms-778-field_9-container { position: absolute !important; overflow: hidden !important; display: inline !important; height: 1px !important; width: 1px !important; z-index: -1000 !important; padding: 0 !important; } #wpforms-778-field_9-container input { visibility: hidden; } #wpforms-conversational-form-page #wpforms-778-field_9-container label { counter-increment: none; }' ) );\n\t\t\t\t\tdocument.head.appendChild( style );\n\t\t\t\t\tdocument.currentScript?.remove();\n\t\t\t\t} )();\n\t\t\t<\/script><\/div><!-- .wpforms-field-container --><div class=\"wpforms-recaptcha-container wpforms-is-recaptcha wpforms-is-recaptcha-type-v2\" ><div class=\"g-recaptcha\" data-sitekey=\"6LfNjl4sAAAAAAb696WPsKI-XlKBhUs-cn9bqlWc\"><\/div><input type=\"text\" name=\"g-recaptcha-hidden\" class=\"wpforms-recaptcha-hidden\" style=\"position:absolute!important;clip:rect(0,0,0,0)!important;height:1px!important;width:1px!important;border:0!important;overflow:hidden!important;padding:0!important;margin:0!important;\" data-rule-recaptcha=\"1\"><\/div><div class=\"wpforms-submit-container\" ><input type=\"hidden\" name=\"wpforms[id]\" value=\"778\"><input type=\"hidden\" name=\"page_title\" value=\"\"><input type=\"hidden\" name=\"page_url\" value=\"https:\/\/conta.yoifit.com\/br\/wp-json\/wp\/v2\/pages\/776\"><input type=\"hidden\" name=\"url_referer\" value=\"\"><button type=\"submit\" name=\"wpforms[submit]\" id=\"wpforms-submit-778\" class=\"wpforms-submit\" data-alt-text=\"Por favor, aguarde...\" data-submit-text=\"Solicitar Cancelamento\" aria-live=\"assertive\" value=\"wpforms-submit\">Solicitar Cancelamento<\/button><img decoding=\"async\" src=\"https:\/\/conta.yoifit.com\/wp-content\/plugins\/wpforms-lite\/assets\/images\/submit-spin.svg\" class=\"wpforms-submit-spinner\" style=\"display: none;\" width=\"26\" height=\"26\" alt=\"Carregando\"><\/div><\/form><\/div>  <!-- .wpforms-container -->\t\t\t\t<\/div>\n\t\t\t\t<\/div>\n\t\t\t\t\t<\/div>\n\t\t\t\t<\/div>\n\t\t\t\t<\/div>\n\t\t","protected":false},"excerpt":{"rendered":"<p>Cancelar Assinatura Please enable JavaScript in your browser to complete this form.Please enable JavaScript in your browser to complete this form.Nome Completo *Seu E-mail *Telefone Vinculado *Motivo do Cancelamento *Selecione uma op\u00e7\u00e3oN\u00e3o estou utilizandoAcho o plano muito caro\u00c9 um cancelamento moment\u00e2neoN\u00e3o gostei da experi\u00eanciaPrefiro n\u00e3o informarInforma\u00e7\u00f5es Adicionais (opcional) Valida\u00e7\u00e3o de Cancelamento * Eu autorizo o cancelamento e estou ciente de que ap\u00f3s a valida\u00e7\u00e3o o meu acesso \u00e0 YOI FIT ser\u00e1 encerrado at\u00e9 o fim do ciclo de cobran\u00e7a atual e n\u00e3o estarei eleg\u00edvel para um novo teste de 14 dias Solicita\u00e7\u00e3o de Remo\u00e7\u00e3o de Dados (Opcional &#8211; Compliance\/LGPD) Gostaria de solicitar a remo\u00e7\u00e3o dos meus dados pessoais, bem como n\u00e3o ser notificado por e-mail de campanhas publicit\u00e1rias Solicitar Cancelamento<\/p>","protected":false},"author":1,"featured_media":0,"parent":0,"menu_order":0,"comment_status":"closed","ping_status":"closed","template":"","meta":{"_eb_attr":"","site-sidebar-layout":"no-sidebar","site-content-layout":"","ast-site-content-layout":"full-width-container","site-content-style":"default","site-sidebar-style":"default","ast-global-header-display":"","ast-banner-title-visibility":"","ast-main-header-display":"","ast-hfb-above-header-display":"","ast-hfb-below-header-display":"","ast-hfb-mobile-header-display":"","site-post-title":"","ast-breadcrumbs-content":"","ast-featured-img":"disabled","footer-sml-layout":"","ast-disable-related-posts":"","theme-transparent-header-meta":"default","adv-header-id-meta":"","stick-header-meta":"","header-above-stick-meta":"","header-main-stick-meta":"","header-below-stick-meta":"","astra-migrate-meta-layouts":"set","ast-page-background-enabled":"default","ast-page-background-meta":{"desktop":{"background-color":"var(--ast-global-color-5)","background-image":"","background-repeat":"repeat","background-position":"center center","background-size":"auto","background-attachment":"scroll","background-type":"","background-media":"","overlay-type":"","overlay-color":"","overlay-opacity":"","overlay-gradient":""},"tablet":{"background-color":"","background-image":"","background-repeat":"repeat","background-position":"center center","background-size":"auto","background-attachment":"scroll","background-type":"","background-media":"","overlay-type":"","overlay-color":"","overlay-opacity":"","overlay-gradient":""},"mobile":{"background-color":"","background-image":"","background-repeat":"repeat","background-position":"center center","background-size":"auto","background-attachment":"scroll","background-type":"","background-media":"","overlay-type":"","overlay-color":"","overlay-opacity":"","overlay-gradient":""}},"ast-content-background-meta":{"desktop":{"background-color":"var(--ast-global-color-4)","background-image":"","background-repeat":"repeat","background-position":"center center","background-size":"auto","background-attachment":"scroll","background-type":"","background-media":"","overlay-type":"","overlay-color":"","overlay-opacity":"","overlay-gradient":""},"tablet":{"background-color":"var(--ast-global-color-4)","background-image":"","background-repeat":"repeat","background-position":"center center","background-size":"auto","background-attachment":"scroll","background-type":"","background-media":"","overlay-type":"","overlay-color":"","overlay-opacity":"","overlay-gradient":""},"mobile":{"background-color":"var(--ast-global-color-4)","background-image":"","background-repeat":"repeat","background-position":"center center","background-size":"auto","background-attachment":"scroll","background-type":"","background-media":"","overlay-type":"","overlay-color":"","overlay-opacity":"","overlay-gradient":""}},"footnotes":""},"class_list":["post-776","page","type-page","status-publish","hentry"],"aioseo_notices":[],"jetpack_sharing_enabled":true,"_links":{"self":[{"href":"https:\/\/conta.yoifit.com\/br\/wp-json\/wp\/v2\/pages\/776","targetHints":{"allow":["GET"]}}],"collection":[{"href":"https:\/\/conta.yoifit.com\/br\/wp-json\/wp\/v2\/pages"}],"about":[{"href":"https:\/\/conta.yoifit.com\/br\/wp-json\/wp\/v2\/types\/page"}],"author":[{"embeddable":true,"href":"https:\/\/conta.yoifit.com\/br\/wp-json\/wp\/v2\/users\/1"}],"replies":[{"embeddable":true,"href":"https:\/\/conta.yoifit.com\/br\/wp-json\/wp\/v2\/comments?post=776"}],"version-history":[{"count":13,"href":"https:\/\/conta.yoifit.com\/br\/wp-json\/wp\/v2\/pages\/776\/revisions"}],"predecessor-version":[{"id":799,"href":"https:\/\/conta.yoifit.com\/br\/wp-json\/wp\/v2\/pages\/776\/revisions\/799"}],"wp:attachment":[{"href":"https:\/\/conta.yoifit.com\/br\/wp-json\/wp\/v2\/media?parent=776"}],"curies":[{"name":"wp","href":"https:\/\/api.w.org\/{rel}","templated":true}]}}